{"id":4619,"date":"2024-07-26T11:24:59","date_gmt":"2024-07-26T09:24:59","guid":{"rendered":"https:\/\/russie.diplomatie.gov.bf\/?page_id=4619"},"modified":"2024-09-10T14:50:58","modified_gmt":"2024-09-10T12:50:58","slug":"informations","status":"publish","type":"page","link":"https:\/\/russie.diplomatie.gov.bf\/index.php\/informations\/","title":{"rendered":"Informations"},"content":{"rendered":"\t\t<div data-elementor-type=\"wp-page\" data-elementor-id=\"4619\" class=\"elementor elementor-4619\" data-elementor-post-type=\"page\">\n\t\t\t\t<div data-particle_enable=\"false\" data-particle-mobile-disabled=\"false\" class=\"elementor-element elementor-element-2e4c873 e-flex e-con-boxed e-con e-parent\" data-id=\"2e4c873\" data-element_type=\"container\" data-e-type=\"container\">\n\t\t\t\t\t<div class=\"e-con-inner\">\n\t\t\t\t<div class=\"elementor-element elementor-element-43aeee3 elementor-widget elementor-widget-text-editor\" data-id=\"43aeee3\" data-element_type=\"widget\" data-e-type=\"widget\" data-widget_type=\"text-editor.default\">\n\t\t\t\t<div class=\"elementor-widget-container\">\n\t\t\t\t\t\t\t\t\t<ul><li>Nombre approximatif\/Estimation\u00a0: 200<\/li><li>Nombre d\u2019immatricul\u00e9s\u00a0: 48<\/li><li>D\u00e9tenteurs de cartes consulaires\u00a0: 40<\/li><li>Composition : anciens \u00e9tudiants du temps de l\u2019Union Sovi\u00e9tique ; nouveaux \u00e9tudiants, stagiaires militaires<\/li><\/ul><ul><li>Secteurs d\u2019activit\u00e9s : agents commerciaux, BTP, Bank-Finances, Relations internationales<\/li><li>Cadres de rencontres\u00a0:<\/li><\/ul><ul><li style=\"list-style-type: none;\"><ul><li>Conseil sup\u00e9rieur des Burkinab\u00e8 de l\u2019Ext\u00e9rieur : Pr\u00e9sident : <strong>NIKIEMA Kuilga Marcel<\/strong><\/li><\/ul><\/li><\/ul><ul><li style=\"list-style-type: none;\"><ul><li>Association des Burkinab\u00e8 en F\u00e9d\u00e9ration de Russie : <strong>ZOUNGRANA Cheick Omar<\/strong><\/li><\/ul><\/li><\/ul><ul><li style=\"list-style-type: none;\"><ul><li>Association des Etudiants et Stagiaires Burkinab\u00e8 en F\u00e9d\u00e9ration de Russie <strong>: ZONGO Ali<\/strong>\u00a0<\/li><\/ul><\/li><\/ul>\t\t\t\t\t\t\t\t<\/div>\n\t\t\t\t<\/div>\n\t\t\t\t\t<\/div>\n\t\t\t\t<\/div>\n\t\t\t\t<\/div>\n\t\t","protected":false},"excerpt":{"rendered":"<p>Nombre approximatif\/Estimation\u00a0: 200 Nombre d\u2019immatricul\u00e9s\u00a0: 48 D\u00e9tenteurs de cartes consulaires\u00a0: 40 Composition : anciens \u00e9tudiants du temps de l\u2019Union Sovi\u00e9tique ; nouveaux \u00e9tudiants, stagiaires militaires Secteurs d\u2019activit\u00e9s : agents commerciaux, BTP, Bank-Finances, Relations internationales Cadres de rencontres\u00a0: Conseil sup\u00e9rieur des Burkinab\u00e8 de l\u2019Ext\u00e9rieur : Pr\u00e9sident : NIKIEMA Kuilga Marcel Association des Burkinab\u00e8 en F\u00e9d\u00e9ration de [&hellip;]<\/p>\n","protected":false},"author":9,"featured_media":0,"parent":0,"menu_order":0,"comment_status":"closed","ping_status":"closed","template":"elementor_header_footer","meta":{"_acf_changed":false,"_monsterinsights_skip_tracking":false,"_monsterinsights_sitenote_active":false,"_monsterinsights_sitenote_note":"","_monsterinsights_sitenote_category":0,"footnotes":""},"class_list":["post-4619","page","type-page","status-publish","hentry"],"acf":[],"_links":{"self":[{"href":"https:\/\/russie.diplomatie.gov.bf\/index.php\/wp-json\/wp\/v2\/pages\/4619","targetHints":{"allow":["GET"]}}],"collection":[{"href":"https:\/\/russie.diplomatie.gov.bf\/index.php\/wp-json\/wp\/v2\/pages"}],"about":[{"href":"https:\/\/russie.diplomatie.gov.bf\/index.php\/wp-json\/wp\/v2\/types\/page"}],"author":[{"embeddable":true,"href":"https:\/\/russie.diplomatie.gov.bf\/index.php\/wp-json\/wp\/v2\/users\/9"}],"replies":[{"embeddable":true,"href":"https:\/\/russie.diplomatie.gov.bf\/index.php\/wp-json\/wp\/v2\/comments?post=4619"}],"version-history":[{"count":10,"href":"https:\/\/russie.diplomatie.gov.bf\/index.php\/wp-json\/wp\/v2\/pages\/4619\/revisions"}],"predecessor-version":[{"id":4880,"href":"https:\/\/russie.diplomatie.gov.bf\/index.php\/wp-json\/wp\/v2\/pages\/4619\/revisions\/4880"}],"wp:attachment":[{"href":"https:\/\/russie.diplomatie.gov.bf\/index.php\/wp-json\/wp\/v2\/media?parent=4619"}],"curies":[{"name":"wp","href":"https:\/\/api.w.org\/{rel}","templated":true}]}}