{"id":4160,"date":"2024-06-27T14:03:34","date_gmt":"2024-06-27T12:03:34","guid":{"rendered":"https:\/\/russie.diplomatie.gov.bf\/?page_id=4160"},"modified":"2024-09-05T12:58:45","modified_gmt":"2024-09-05T10:58:45","slug":"le-chef-de-poste","status":"publish","type":"page","link":"https:\/\/russie.diplomatie.gov.bf\/index.php\/le-chef-de-poste\/","title":{"rendered":"Le chef de poste"},"content":{"rendered":"\t\t<div data-elementor-type=\"wp-page\" data-elementor-id=\"4160\" class=\"elementor elementor-4160\" data-elementor-post-type=\"page\">\n\t\t\t\t<div data-particle_enable=\"false\" data-particle-mobile-disabled=\"false\" class=\"elementor-element elementor-element-2a8731bb e-flex e-con-boxed e-con e-parent\" data-id=\"2a8731bb\" data-element_type=\"container\" data-e-type=\"container\">\n\t\t\t\t\t<div class=\"e-con-inner\">\n\t\t<div data-particle_enable=\"false\" data-particle-mobile-disabled=\"false\" class=\"elementor-element elementor-element-58efaf7d e-con-full e-flex e-con e-child\" data-id=\"58efaf7d\" data-element_type=\"container\" data-e-type=\"container\">\n\t\t\t\t<div class=\"elementor-element elementor-element-68f9a27 elementor-widget elementor-widget-theme-post-featured-image elementor-widget-image\" data-id=\"68f9a27\" data-element_type=\"widget\" data-e-type=\"widget\" data-widget_type=\"theme-post-featured-image.default\">\n\t\t\t\t<div class=\"elementor-widget-container\">\n\t\t\t\t\t\t\t\t\t\t\t\t\t\t\t<img fetchpriority=\"high\" decoding=\"async\" width=\"200\" height=\"300\" src=\"https:\/\/russie.diplomatie.gov.bf\/wp-content\/uploads\/sites\/9\/2024\/09\/Ambassadeur.jpg\" class=\"attachment-medium size-medium wp-image-4647\" alt=\"\" \/>\t\t\t\t\t\t\t\t\t\t\t\t\t\t\t<\/div>\n\t\t\t\t<\/div>\n\t\t\t\t<div class=\"elementor-element elementor-element-63d0f63d elementor-widget elementor-widget-heading\" data-id=\"63d0f63d\" data-element_type=\"widget\" data-e-type=\"widget\" data-widget_type=\"heading.default\">\n\t\t\t\t<div class=\"elementor-widget-container\">\n\t\t\t\t\t<h2 class=\"elementor-heading-title elementor-size-default\">SEM Aristide R. Ludovic TAPSOBA<\/h2>\t\t\t\t<\/div>\n\t\t\t\t<\/div>\n\t\t\t\t<div class=\"elementor-element elementor-element-ace5a65 elementor-widget elementor-widget-heading\" data-id=\"ace5a65\" data-element_type=\"widget\" data-e-type=\"widget\" data-widget_type=\"heading.default\">\n\t\t\t\t<div class=\"elementor-widget-container\">\n\t\t\t\t\t<h2 class=\"elementor-heading-title elementor-size-default\">Ambassadeur Extraordinaire et Pl\u00e9nipotentiaire<\/h2>\t\t\t\t<\/div>\n\t\t\t\t<\/div>\n\t\t\t\t<\/div>\n\t\t\t\t<div class=\"elementor-element elementor-element-76df4154 elementor-hidden-tablet elementor-hidden-mobile eael-divider-center elementor-widget elementor-widget-eael-divider\" data-id=\"76df4154\" data-element_type=\"widget\" data-e-type=\"widget\" data-widget_type=\"eael-divider.default\">\n\t\t\t\t<div class=\"elementor-widget-container\">\n\t\t\t\t\t\t\t<div class=\"eael-divider-wrap divider-direction-vertical\">\n\t\t\t\t\t\t\t<div class=\"divider-text-container\">\n\t\t\t\t\t<div class=\"divider-text-wrap\">\n\t\t\t\t\t\t\t\t\t\t\t\t\t<span class=\"divider-border-wrap divider-border-left\">\n\t\t\t\t\t\t\t\t<span class=\"divider-border\"><\/span>\n\t\t\t\t\t\t\t<\/span>\n\t\t\t\t\t\t\t\t\t\t\t\t<span class=\"eael-divider-content\">\n\t\t\t\t\t\t\t\t\t\t\t\t\t\t\t<span class=\"eael-divider-icon\">\n\t\t\t\t\t\t\t\t\t\t\t\t\t\t\t\t\t\t\t<svg aria-hidden=\"false\" class=\"e-font-icon-svg e-fas-star\" viewBox=\"0 0 576 512\" xmlns=\"http:\/\/www.w3.org\/2000\/svg\"><path d=\"M259.3 17.8L194 150.2 47.9 171.5c-26.2 3.8-36.7 36.1-17.7 54.6l105.7 103-25 145.5c-4.5 26.3 23.2 46 46.4 33.7L288 439.6l130.7 68.7c23.2 12.2 50.9-7.4 46.4-33.7l-25-145.5 105.7-103c19-18.5 8.5-50.8-17.7-54.6L382 150.2 316.7 17.8c-11.7-23.6-45.6-23.9-57.4 0z\"><\/path><\/svg>\t\t\t\t\t\t\t\t\t\t\t\t\t\t\t\t\t<\/span>\n\t\t\t\t\t\t\t\t\t\t\t\t\t<\/span>\n\t\t\t\t\t\t\t\t\t\t\t\t\t<span class=\"divider-border-wrap divider-border-right\">\n\t\t\t\t\t\t\t\t<span class=\"divider-border\"><\/span>\n\t\t\t\t\t\t\t<\/span>\n\t\t\t\t\t\t\t\t\t\t\t<\/div>\n\t\t\t\t<\/div>\n\t\t\t\t\t<\/div>\n\t\t\t\t<\/div>\n\t\t\t\t<\/div>\n\t\t<div data-particle_enable=\"false\" data-particle-mobile-disabled=\"false\" class=\"elementor-element elementor-element-10139171 e-con-full e-flex e-con e-child\" data-id=\"10139171\" data-element_type=\"container\" data-e-type=\"container\">\n\t\t\t\t<div class=\"elementor-element elementor-element-24c7249b elementor-widget elementor-widget-text-editor\" data-id=\"24c7249b\" data-element_type=\"widget\" data-e-type=\"widget\" data-widget_type=\"text-editor.default\">\n\t\t\t\t<div class=\"elementor-widget-container\">\n\t\t\t\t\t\t\t\t\t<p>Monsieur <strong>Ludovic TAPSOBA<\/strong> depuis le 6 d\u00e9cembre 2023 est <strong>Ambassadeur Extraordinaire et Pl\u00e9nipotentiaire du Burkina Faso aupr\u00e8s de la F\u00e9d\u00e9ration de Russie avec r\u00e9sidence \u00e0 Moscou. <\/strong><\/p><p>Avant sa nomination au poste d\u2019Ambassadeur, il fut en 2020 <strong>Coordonnateur R\u00e9gional Afrique de l\u2019Ouest et Afrique Centrale du Partenariat<\/strong> sur l\u2019Eau et l\u2019Environnement de l\u2019Union Internationale Pour la conservation de la Nature UICN au BURKINA FASO. En 2014 \u2013 2019, il est successivement <strong>Coordonnateur de programme \u00e0 l\u2019ONG Internationale Consern worldwide<\/strong> en R\u00e9publique D\u00e9mocratique du Congo (RDC) et coordonnateur de programme SIF en partenariat avec l\u2019UNICEF en R\u00e9publique du Tchad.<\/p><p>Monsieur TAPSOBA commence ses \u00e9tudes universitaires en 1988 \u00e0 l\u2019institut hydrom\u00e9t\u00e9orologique de saint Petersburg en Ex-URSS, actuelle F\u00e9d\u00e9ration de Russie.<\/p><p>Monsieur TAPSOBA est titulaire d\u2019un <strong>\u00ab Master\u2019s Degree \u00bb<\/strong> en hydrologie obtenu en 1994, et d\u2019un \u00ab Dipl\u00f4me DESS \u00bb en d\u00e9veloppement en 1999 de l\u2019Ecole Polytechnique F\u00e9d\u00e9rale de Lausanne en Suisse.<\/p><p>Il a d\u00e9but\u00e9 ses fonctions en 1994 au Minist\u00e8re en charge de l\u2019environnement et de l\u2019eau du Burkina Faso et y a occup\u00e9 divers postes lui conf\u00e9rant des responsabilit\u00e9s croissantes \u00e0 la Direction G\u00e9n\u00e9rale des ressources en Eau, et expert nationale pour les Gestion Int\u00e9gr\u00e9e des Ressources en Eau au sein du Minist\u00e8re.<\/p><p>Monsieur Ludovic TAPSOBA pratique le sport ; et est ceinture noire en Judo.<\/p><p>N\u00e9 le 01 novembre 1965 \u00e0 Ouagadougou (Burkina Faso), il est mari\u00e9 et p\u00e8re de trois (3) enfants.<\/p><p>Il parle et \u00e9crit couramment le <strong>fran\u00e7ais, russe, anglais.<\/strong><\/p>\t\t\t\t\t\t\t\t<\/div>\n\t\t\t\t<\/div>\n\t\t\t\t<div class=\"elementor-element elementor-element-8d3fc19 elementor-widget-divider--view-line elementor-widget elementor-widget-divider\" data-id=\"8d3fc19\" data-element_type=\"widget\" data-e-type=\"widget\" data-widget_type=\"divider.default\">\n\t\t\t\t<div class=\"elementor-widget-container\">\n\t\t\t\t\t\t\t<div class=\"elementor-divider\">\n\t\t\t<span class=\"elementor-divider-separator\">\n\t\t\t\t\t\t<\/span>\n\t\t<\/div>\n\t\t\t\t\t\t<\/div>\n\t\t\t\t<\/div>\n\t\t\t\t<div class=\"elementor-element elementor-element-d2f356a elementor-widget elementor-widget-text-editor\" data-id=\"d2f356a\" data-element_type=\"widget\" data-e-type=\"widget\" data-widget_type=\"text-editor.default\">\n\t\t\t\t<div class=\"elementor-widget-container\">\n\t\t\t\t\t\t\t\t\t<p><strong>Aristide Rapougoundondba Ludovic TAPSOBA, Burkina Faso<\/strong><\/p>\t\t\t\t\t\t\t\t<\/div>\n\t\t\t\t<\/div>\n\t\t\t\t<\/div>\n\t\t\t\t<div class=\"elementor-element elementor-element-3104c5d6 elementor-absolute elementor-widget elementor-widget-image\" data-id=\"3104c5d6\" data-element_type=\"widget\" data-e-type=\"widget\" data-settings=\"{&quot;_position&quot;:&quot;absolute&quot;}\" data-widget_type=\"image.default\">\n\t\t\t\t<div class=\"elementor-widget-container\">\n\t\t\t\t\t\t\t\t\t\t\t\t\t\t\t<img decoding=\"async\" width=\"657\" height=\"332\" src=\"https:\/\/russie.diplomatie.gov.bf\/wp-content\/uploads\/sites\/9\/2024\/09\/h4_about_shape01.png\" class=\"attachment-full size-full wp-image-4670\" alt=\"\" srcset=\"https:\/\/russie.diplomatie.gov.bf\/wp-content\/uploads\/sites\/9\/2024\/09\/h4_about_shape01.png 657w, https:\/\/russie.diplomatie.gov.bf\/wp-content\/uploads\/sites\/9\/2024\/09\/h4_about_shape01-300x152.png 300w\" sizes=\"(max-width: 657px) 100vw, 657px\" \/>\t\t\t\t\t\t\t\t\t\t\t\t\t\t\t<\/div>\n\t\t\t\t<\/div>\n\t\t\t\t\t<\/div>\n\t\t\t\t<\/div>\n\t\t\t\t<\/div>\n\t\t","protected":false},"excerpt":{"rendered":"<p>SEM Aristide R. Ludovic TAPSOBA Ambassadeur Extraordinaire et Pl\u00e9nipotentiaire Monsieur Ludovic TAPSOBA depuis le 6 d\u00e9cembre 2023 est Ambassadeur Extraordinaire et Pl\u00e9nipotentiaire du Burkina Faso aupr\u00e8s de la F\u00e9d\u00e9ration de Russie avec r\u00e9sidence \u00e0 Moscou. Avant sa nomination au poste d\u2019Ambassadeur, il fut en 2020 Coordonnateur R\u00e9gional Afrique de l\u2019Ouest et Afrique Centrale du Partenariat [&hellip;]<\/p>\n","protected":false},"author":4,"featured_media":0,"parent":0,"menu_order":0,"comment_status":"closed","ping_status":"closed","template":"elementor_header_footer","meta":{"_acf_changed":false,"_monsterinsights_skip_tracking":false,"_monsterinsights_sitenote_active":false,"_monsterinsights_sitenote_note":"","_monsterinsights_sitenote_category":0,"footnotes":""},"class_list":["post-4160","page","type-page","status-publish","hentry"],"acf":[],"_links":{"self":[{"href":"https:\/\/russie.diplomatie.gov.bf\/index.php\/wp-json\/wp\/v2\/pages\/4160","targetHints":{"allow":["GET"]}}],"collection":[{"href":"https:\/\/russie.diplomatie.gov.bf\/index.php\/wp-json\/wp\/v2\/pages"}],"about":[{"href":"https:\/\/russie.diplomatie.gov.bf\/index.php\/wp-json\/wp\/v2\/types\/page"}],"author":[{"embeddable":true,"href":"https:\/\/russie.diplomatie.gov.bf\/index.php\/wp-json\/wp\/v2\/users\/4"}],"replies":[{"embeddable":true,"href":"https:\/\/russie.diplomatie.gov.bf\/index.php\/wp-json\/wp\/v2\/comments?post=4160"}],"version-history":[{"count":148,"href":"https:\/\/russie.diplomatie.gov.bf\/index.php\/wp-json\/wp\/v2\/pages\/4160\/revisions"}],"predecessor-version":[{"id":4685,"href":"https:\/\/russie.diplomatie.gov.bf\/index.php\/wp-json\/wp\/v2\/pages\/4160\/revisions\/4685"}],"wp:attachment":[{"href":"https:\/\/russie.diplomatie.gov.bf\/index.php\/wp-json\/wp\/v2\/media?parent=4160"}],"curies":[{"name":"wp","href":"https:\/\/api.w.org\/{rel}","templated":true}]}}