{"id":3081,"date":"2024-06-25T17:38:58","date_gmt":"2024-06-25T15:38:58","guid":{"rendered":"https:\/\/russie.diplomatie.gov.bf\/?page_id=3081"},"modified":"2024-09-10T12:34:06","modified_gmt":"2024-09-10T10:34:06","slug":"cooperation-bilaterale","status":"publish","type":"page","link":"https:\/\/russie.diplomatie.gov.bf\/index.php\/cooperation-bilaterale\/","title":{"rendered":"Coop\u00e9ration"},"content":{"rendered":"\t\t<div data-elementor-type=\"wp-page\" data-elementor-id=\"3081\" class=\"elementor elementor-3081\" data-elementor-post-type=\"page\">\n\t\t\t\t<div data-particle_enable=\"false\" data-particle-mobile-disabled=\"false\" class=\"elementor-element elementor-element-9baf5ed e-flex e-con-boxed e-con e-parent\" data-id=\"9baf5ed\" data-element_type=\"container\" data-e-type=\"container\">\n\t\t\t\t\t<div class=\"e-con-inner\">\n\t\t\t\t<div class=\"elementor-element elementor-element-ccd4ee7 elementor-widget elementor-widget-heading\" data-id=\"ccd4ee7\" data-element_type=\"widget\" data-e-type=\"widget\" data-widget_type=\"heading.default\">\n\t\t\t\t<div class=\"elementor-widget-container\">\n\t\t\t\t\t<h2 class=\"elementor-heading-title elementor-size-default\"> Relations de coop\u00e9ration : Accords de coop\u00e9ration en vigueur <\/h2>\t\t\t\t<\/div>\n\t\t\t\t<\/div>\n\t\t\t\t<div class=\"elementor-element elementor-element-e70fe5c elementor-widget elementor-widget-eael-advanced-data-table\" data-id=\"e70fe5c\" data-element_type=\"widget\" data-e-type=\"widget\" data-widget_type=\"eael-advanced-data-table.default\">\n\t\t\t\t<div class=\"elementor-widget-container\">\n\t\t\t\t\t<div class=\"ea-advanced-data-table-wrap\" data-id=\"e70fe5c\"><div class=\"ea-advanced-data-table-wrap-inner\">\n                <table class=\"ea-advanced-data-table ea-advanced-data-table-static ea-advanced-data-table-e70fe5c\" data-id=\"e70fe5c\"><thead><tr><th><p><em>Accord sur les voyages sans visa au profit des d\u00e9tenteurs de passeports diplomatiques et de service des deux pays en <\/em><strong><em>2000&nbsp;<\/em><\/strong><\/p><\/th><\/tr><\/thead><tbody><tr><td><p><em>Accord intergouvernemental sur la coop\u00e9ration militaro-technique entre les deux pays en <\/em><strong><em>2006&nbsp;<\/em><\/strong><\/p><\/td><\/tr><tr><td><p><em>M\u00e9morandum sur la tenue des concertations politiques-bilat\u00e9rales entre le <\/em><strong><em>MAECRBE <\/em><\/strong><em>et le MAE de Russie en <\/em><strong><em>2017&nbsp;<\/em><\/strong><em>;<\/em><\/p><\/td><\/tr><tr><td><p><em>M\u00e9morandum d\u2019entente entre le Minist\u00e8re de l\u2019Education et de la Science de Russie et le Minist\u00e8re de l\u2019Enseignement Sup\u00e9rieur, de la Recherche Scientifique et de l\u2019Innovation du Burkina Faso en <\/em><strong><em>2017&nbsp;<\/em><\/strong><em>;&nbsp;<\/em><\/p><\/td><\/tr><tr><td><p><em>Accord de coop\u00e9ration militaire entre le Gouvernement du Burkina Faso et le Gouvernement de Russie en <\/em><strong><em>2018&nbsp;<\/em><\/strong><em>;<\/em><\/p><\/td><\/tr><tr><td><p><em>M\u00e9morandum d\u2019entente entre les Chambres de Commerce et d\u2019Industrie du Burkina Faso et de la F\u00e9d\u00e9ration&nbsp;de Russie en <\/em><strong><em>2019&nbsp;<\/em><\/strong><\/p><\/td><\/tr><tr><td><p><em>L\u2019accord relatif aux a\u00e9ronefs et \u00e9quipements a\u00e9ronautiques entre l\u2019Agence nationale de l\u2019aviation civile du Burkina Faso et l\u2019Agence f\u00e9d\u00e9rale du transport a\u00e9rien de la F\u00e9d\u00e9ration de Russie, en <\/em><strong><em>2023&nbsp;<\/em><\/strong><em>;<\/em><\/p><\/td><\/tr><tr><td><p><em>M\u00e9morandum d\u2019entente entre l\u2019Agence nationale de l\u2019aviation civile du Burkina Faso et l\u2019Agence f\u00e9d\u00e9rale du&nbsp;transport a\u00e9rien de la F\u00e9d\u00e9ration de Russie relatif \u00e0 la coop\u00e9ration technique en mati\u00e8re de s\u00e9curit\u00e9 et s\u00fbret\u00e9 a\u00e9ronautiques, en <\/em><strong><em>2023&nbsp;<\/em><\/strong><em>;&nbsp;<\/em><\/p><\/td><\/tr><tr><td><p>&nbsp;<em>Accord de coop\u00e9ration entre le Minist\u00e8re de la Justice, des Droits Humains et de la Promotion Civique du Burkina Faso et le Minist\u00e8re de la Justice de la F\u00e9d\u00e9ration de&nbsp;Russie dans le domaine de la justice, en <\/em><strong><em>2023<\/em><\/strong><em>.&nbsp;<\/em><\/p><\/td><\/tr><tr><td><p><em>M\u00e9morandum d\u2019entente entre le Minist\u00e8re de l\u2019Energie, des Mines et des Carri\u00e8res du Burkina Faso et la Soci\u00e9t\u00e9 pour l\u2019Energie Atomique \u00ab&nbsp;<\/em><strong><em>Rosatom&nbsp;<\/em><\/strong><em>\u00bb (F\u00e9d\u00e9ration de Russie) pour la Coop\u00e9ration dans le domaine de l\u2019utilisation de l\u2019\u00e9nergie atomique \u00e0 des fins pacifiques, en <\/em><strong><em>2023 <\/em><\/strong><em>avec pour corollaire&nbsp;:&nbsp;<\/em><\/p><ul><li>\ufeff<em>la Signature, mars 2024, de la feuille de route dans le cadre du projet de construction d\u2019une centrale nucl\u00e9aire au Burkina Faso&nbsp;;<\/em><\/li><li><em>la signature, en juin 2024 de trois autres m\u00e9morandum d\u2019entente entre le Burkina Faso et \u00ab&nbsp;Rosatom&nbsp;\u00bb entrant dans le cadre de la mise en \u0153uvre de ce projet.&nbsp;<\/em><\/li><\/ul><\/td><\/tr><\/tbody><\/table>\n            <\/div><\/div>\t\t\t\t<\/div>\n\t\t\t\t<\/div>\n\t\t\t\t\t<\/div>\n\t\t\t\t<\/div>\n\t\t\t\t<\/div>\n\t\t","protected":false},"excerpt":{"rendered":"<p>Relations de coop\u00e9ration : Accords de coop\u00e9ration en vigueur Accord sur les voyages sans visa au profit des d\u00e9tenteurs de passeports diplomatiques et de service des deux pays en 2000&nbsp; Accord intergouvernemental sur la coop\u00e9ration militaro-technique entre les deux pays en 2006&nbsp; M\u00e9morandum sur la tenue des concertations politiques-bilat\u00e9rales entre le MAECRBE et le MAE [&hellip;]<\/p>\n","protected":false},"author":4,"featured_media":0,"parent":0,"menu_order":0,"comment_status":"closed","ping_status":"closed","template":"elementor_header_footer","meta":{"_acf_changed":false,"_monsterinsights_skip_tracking":false,"_monsterinsights_sitenote_active":false,"_monsterinsights_sitenote_note":"","_monsterinsights_sitenote_category":0,"footnotes":""},"class_list":["post-3081","page","type-page","status-publish","hentry"],"acf":[],"_links":{"self":[{"href":"https:\/\/russie.diplomatie.gov.bf\/index.php\/wp-json\/wp\/v2\/pages\/3081","targetHints":{"allow":["GET"]}}],"collection":[{"href":"https:\/\/russie.diplomatie.gov.bf\/index.php\/wp-json\/wp\/v2\/pages"}],"about":[{"href":"https:\/\/russie.diplomatie.gov.bf\/index.php\/wp-json\/wp\/v2\/types\/page"}],"author":[{"embeddable":true,"href":"https:\/\/russie.diplomatie.gov.bf\/index.php\/wp-json\/wp\/v2\/users\/4"}],"replies":[{"embeddable":true,"href":"https:\/\/russie.diplomatie.gov.bf\/index.php\/wp-json\/wp\/v2\/comments?post=3081"}],"version-history":[{"count":59,"href":"https:\/\/russie.diplomatie.gov.bf\/index.php\/wp-json\/wp\/v2\/pages\/3081\/revisions"}],"predecessor-version":[{"id":4864,"href":"https:\/\/russie.diplomatie.gov.bf\/index.php\/wp-json\/wp\/v2\/pages\/3081\/revisions\/4864"}],"wp:attachment":[{"href":"https:\/\/russie.diplomatie.gov.bf\/index.php\/wp-json\/wp\/v2\/media?parent=3081"}],"curies":[{"name":"wp","href":"https:\/\/api.w.org\/{rel}","templated":true}]}}